{"id":6922,"date":"2025-01-29T06:04:05","date_gmt":"2025-01-29T06:04:05","guid":{"rendered":"http:\/\/demo.wpzoom.com\/inspiro-lite-blocks-xml\/?page_id=6922"},"modified":"2026-04-20T06:45:02","modified_gmt":"2026-04-20T06:45:02","slug":"landing-page","status":"publish","type":"page","link":"https:\/\/zahner-fahrwerk.ch\/en\/","title":{"rendered":"Landing Page"},"content":{"rendered":"\n<div class=\"wp-block-cover alignfull is-light has-aspect-ratio\" style=\"padding-top:0;padding-right:0;padding-bottom:0;padding-left:0;min-height:100vh;aspect-ratio:16\/9;min-height:unset;\"><video class=\"wp-block-cover__video-background intrinsic-ignore\" autoplay muted loop playsinline src=\"https:\/\/zahner-fahrwerk.ch\/wp-content\/uploads\/2025\/01\/11sec_smol.mp4\" style=\"object-position:65% 75%\" data-object-fit=\"cover\" data-object-position=\"65% 75%\"><\/video><span aria-hidden=\"true\" class=\"wp-block-cover__background has-background-dim-30 has-background-dim\" style=\"background-color:#FFF\"><\/span><div class=\"wp-block-cover__inner-container has-global-padding is-layout-constrained wp-container-core-cover-is-layout-da604d14 wp-block-cover-is-layout-constrained\">\n<p class=\"has-text-align-center has-large-font-size\"><\/p>\n<\/div><\/div>\n\n\n\n<div class=\"wp-block-group has-global-padding is-layout-constrained wp-container-core-group-is-layout-3a820303 wp-block-group-is-layout-constrained\" style=\"padding-right:var(--wp--preset--spacing--small);padding-left:var(--wp--preset--spacing--small)\">\n<h2 class=\"wp-block-heading has-text-align-center has-medium-font-size\" style=\"letter-spacing:1px\">Herzlich willkommen auf der Homepage der ZAHNER FAHRWERK GmbH!<\/h2>\n\n\n\n<p class=\"has-text-align-center\">Was als Freizeitbesch\u00e4ftigung eines Veloprofis im heimischen Keller begann, ist seit der Er\u00f6ffnung des Ladens in St\u00e4fa im M\u00e4rz 2020 das n\u00e4chste Hobby, das zum Beruf geworden ist.<\/p>\n\n\n\n<p class=\"has-text-align-center\">In der Ausstellung finden sich immer mindestens 30 Rennvelos, Gravelbikes, Mountainbikes, Alltags- und Kindervelos mit und ohne Motorunterst\u00fctzung sowie ausgew\u00e4hltes Zubeh\u00f6r, g\u00e4ngiges Verschleissmaterial und exklusive Tuning-Parts.<\/p>\n<\/div>\n\n\n\n<div class=\"wp-block-group alignfull has-global-padding is-layout-constrained wp-block-group-is-layout-constrained\">\n<div class=\"wp-block-group has-global-padding is-layout-constrained wp-block-group-is-layout-constrained\" style=\"padding-top:var(--wp--preset--spacing--small);padding-bottom:var(--wp--preset--spacing--small)\">\n<div class=\"wp-block-columns is-layout-flex wp-container-core-columns-is-layout-c375d253 wp-block-columns-is-layout-flex\">\n<div class=\"wp-block-column is-vertically-aligned-center is-layout-flow wp-block-column-is-layout-flow\">\n<h2 class=\"wp-block-heading has-medium-font-size\" style=\"text-transform:uppercase\">\u00d6ffnungsZeiten<\/h2>\n\n\n\n<div class=\"wp-block-group is-nowrap is-layout-flex wp-container-core-group-is-layout-6c531013 wp-block-group-is-layout-flex\">\n<p>Montag<br>Dienstag<br>Mittwoch<br>Donnerstag<br>Freitag<br>Samstag<\/p>\n\n\n\n<p style=\"margin-top:0;margin-bottom:0;padding-top:0;padding-right:0;padding-bottom:0;padding-left:0\">09:00 &#8211; 11:00<br>15:00 &#8211; 18:30<br>15:00 &#8211; 18:30<br>15:00 &#8211; 20:00<br>15:00 &#8211; 18:30<br>09:00 &#8211; 11:00<\/p>\n<\/div>\n\n\n\n<p><\/p>\n<\/div>\n\n\n\n<div class=\"wp-block-column is-layout-flow wp-block-column-is-layout-flow\">\n<figure class=\"wp-block-image size-large has-custom-border is-style-rounded\"><img loading=\"lazy\" decoding=\"async\" width=\"1580\" height=\"889\" src=\"https:\/\/zahner-fahrwerk.ch\/wp-content\/uploads\/2025\/01\/PXL_20250125_140815238.MP_-edited.jpg\" alt=\"\" class=\"wp-image-6996\" style=\"border-radius:10px\" srcset=\"https:\/\/zahner-fahrwerk.ch\/wp-content\/uploads\/2025\/01\/PXL_20250125_140815238.MP_-edited.jpg 1580w, https:\/\/zahner-fahrwerk.ch\/wp-content\/uploads\/2025\/01\/PXL_20250125_140815238.MP_-edited-300x169.jpg 300w, https:\/\/zahner-fahrwerk.ch\/wp-content\/uploads\/2025\/01\/PXL_20250125_140815238.MP_-edited-1024x576.jpg 1024w\" sizes=\"auto, (max-width: 1580px) 100vw, 1580px\" \/><\/figure>\n<\/div>\n<\/div>\n\n\n\n<p>Termine ausserhalb der \u00d6ffnungszeiten nach telefonischer Vereinbarung.<\/p>\n\n\n\n<p>M\u00f6gen die \u00d6ffnungszeiten auf den ersten Blick komisch erscheinen, sind sie einerseits <em>Garant, dass Service und Reparaturen in zwei bis drei Tagen fertiggestellt werden k\u00f6nnen<\/em>. Zudem bleibt Kapazit\u00e4t f\u00fcr Termine, beispielsweise zur <em>Besprechung eines Custom-Projekts.<\/em><\/p>\n\n\n\n<p>Ist der Laden offen, kann ich mich voll und<em> ganz den Kunden widmen<\/em>, sei es Reparaturannahme, Beratung oder je nach Kapazit\u00e4t kleinere Reparaturen.\u203a<\/p>\n<\/div>\n<\/div>\n\n\n\n<div class=\"wp-block-group alignfull has-background has-global-padding is-layout-constrained wp-block-group-is-layout-constrained\" style=\"background-color:#f8f8f8\">\n<div class=\"wp-block-group has-global-padding is-layout-constrained wp-block-group-is-layout-constrained\" style=\"padding-top:var(--wp--preset--spacing--small);padding-bottom:var(--wp--preset--spacing--small)\">\n<div class=\"wp-block-columns are-vertically-aligned-center is-layout-flex wp-container-core-columns-is-layout-c375d253 wp-block-columns-is-layout-flex\">\n<div class=\"wp-block-column is-vertically-aligned-center is-layout-flow wp-block-column-is-layout-flow\">\n<figure class=\"wp-block-image size-large has-custom-border is-style-rounded\"><img loading=\"lazy\" decoding=\"async\" width=\"1024\" height=\"379\" src=\"https:\/\/zahner-fahrwerk.ch\/wp-content\/uploads\/2025\/01\/PXL_20250125_140517677.MP_-1024x379.jpg\" alt=\"\" class=\"wp-image-6947\" style=\"border-radius:10px\" srcset=\"https:\/\/zahner-fahrwerk.ch\/wp-content\/uploads\/2025\/01\/PXL_20250125_140517677.MP_-1024x379.jpg 1024w, https:\/\/zahner-fahrwerk.ch\/wp-content\/uploads\/2025\/01\/PXL_20250125_140517677.MP_-300x111.jpg 300w, https:\/\/zahner-fahrwerk.ch\/wp-content\/uploads\/2025\/01\/PXL_20250125_140517677.MP_-2000x741.jpg 2000w\" sizes=\"auto, (max-width: 1024px) 100vw, 1024px\" \/><\/figure>\n<\/div>\n\n\n\n<div class=\"wp-block-column is-vertically-aligned-center is-layout-flow wp-block-column-is-layout-flow\">\n<h2 class=\"wp-block-heading has-medium-font-size\" style=\"text-transform:uppercase\">Werkstatt<\/h2>\n\n\n\n<p>Ein gutes Velo ist mehr als eine Ansammlung von Komponenten, und man muss seinem Gef\u00e4hrt zu 100 Prozent vertrauen k\u00f6nnen, ob man die Alpen \u00fcberquert oder zum Bahnhof f\u00e4hrt.<\/p>\n\n\n\n<div class=\"wp-block-buttons is-layout-flex wp-block-buttons-is-layout-flex\">\n<div class=\"wp-block-button is-style-outline is-style-outline--1\"><a class=\"wp-block-button__link wp-element-button\" href=\"#\" style=\"border-radius:0px;font-style:normal;font-weight:600\">Zur Werkstatt<\/a><\/div>\n<\/div>\n<\/div>\n<\/div>\n<\/div>\n<\/div>\n\n\n\n<div class=\"wp-block-cover alignfull has-parallax is-position-center-center\" style=\"border-radius:0px\"><div class=\"wp-block-cover__image-background wp-image-6950 has-parallax\" style=\"background-position:50% 50%;background-image:url(https:\/\/zahner-fahrwerk.ch\/wp-content\/uploads\/2025\/01\/PXL_20250125_145520501.MP_-scaled.jpg)\"><\/div><span aria-hidden=\"true\" class=\"wp-block-cover__background has-black-background-color has-background-dim-40 has-background-dim\"><\/span><div class=\"wp-block-cover__inner-container is-layout-flow wp-block-cover-is-layout-flow\">\n<div class=\"wp-block-group has-global-padding is-layout-constrained wp-block-group-is-layout-constrained\">\n<h3 class=\"wp-block-heading has-text-align-center has-text-color has-medium-font-size\" style=\"color:#fffffa;text-transform:uppercase\">Probieren geht \u00fcber studieren<\/h3>\n\n\n\n<div style=\"height:31px\" aria-hidden=\"true\" class=\"wp-block-spacer\"><\/div>\n\n\n\n<div class=\"wp-block-buttons is-horizontal is-content-justification-center is-layout-flex wp-container-core-buttons-is-layout-03627597 wp-block-buttons-is-layout-flex\">\n<div class=\"wp-block-button is-style-outline is-style-outline--2\"><a class=\"wp-block-button__link has-white-color has-text-color wp-element-button\" href=\"https:\/\/zahner-fahrwerk.ch\/testbikes\/\" style=\"border-radius:0px;font-style:normal;font-weight:600\">Zu den \u2033Testbikes<\/a><\/div>\n<\/div>\n<\/div>\n<\/div><\/div>\n\n\n\n<p><\/p>\n","protected":false},"excerpt":{"rendered":"<p>Herzlich willkommen auf der Homepage der ZAHNER FAHRWERK GmbH! Was als Freizeitbesch\u00e4ftigung eines Veloprofis im heimischen Keller begann, ist seit der Er\u00f6ffnung des Ladens in St\u00e4fa im M\u00e4rz 2020 das n\u00e4chste Hobby, das zum Beruf geworden ist. In der Ausstellung finden sich immer mindestens 30 Rennvelos, Gravelbikes, Mountainbikes, Alltags- und Kindervelos mit und ohne Motorunterst\u00fctzung &hellip; <\/p>\n<p class=\"link-more\"><a href=\"https:\/\/zahner-fahrwerk.ch\/en\/\" class=\"more-link\">Read more<span class=\"screen-reader-text\"> &#8220;Landing Page&#8221;<\/span><\/a><\/p>\n","protected":false},"author":1,"featured_media":0,"parent":0,"menu_order":0,"comment_status":"closed","ping_status":"closed","template":"page-templates\/homepage-builder-bb.php","meta":{"footnotes":""},"class_list":["post-6922","page","type-page","status-publish","hentry"],"featured_media_urls":[],"_links":{"self":[{"href":"https:\/\/zahner-fahrwerk.ch\/en\/wp-json\/wp\/v2\/pages\/6922","targetHints":{"allow":["GET"]}}],"collection":[{"href":"https:\/\/zahner-fahrwerk.ch\/en\/wp-json\/wp\/v2\/pages"}],"about":[{"href":"https:\/\/zahner-fahrwerk.ch\/en\/wp-json\/wp\/v2\/types\/page"}],"author":[{"embeddable":true,"href":"https:\/\/zahner-fahrwerk.ch\/en\/wp-json\/wp\/v2\/users\/1"}],"replies":[{"embeddable":true,"href":"https:\/\/zahner-fahrwerk.ch\/en\/wp-json\/wp\/v2\/comments?post=6922"}],"version-history":[{"count":70,"href":"https:\/\/zahner-fahrwerk.ch\/en\/wp-json\/wp\/v2\/pages\/6922\/revisions"}],"predecessor-version":[{"id":7288,"href":"https:\/\/zahner-fahrwerk.ch\/en\/wp-json\/wp\/v2\/pages\/6922\/revisions\/7288"}],"wp:attachment":[{"href":"https:\/\/zahner-fahrwerk.ch\/en\/wp-json\/wp\/v2\/media?parent=6922"}],"curies":[{"name":"wp","href":"https:\/\/api.w.org\/{rel}","templated":true}]}}