{"id":6967,"date":"2025-01-29T06:04:05","date_gmt":"2025-01-29T06:04:05","guid":{"rendered":"https:\/\/zahner-fahrwerk.ch\/?page_id=6967"},"modified":"2026-01-03T08:38:55","modified_gmt":"2026-01-03T08:38:55","slug":"werkstatt","status":"publish","type":"page","link":"https:\/\/zahner-fahrwerk.ch\/en\/werkstatt\/","title":{"rendered":"Werkstatt"},"content":{"rendered":"\n<div class=\"wp-block-cover\"><img loading=\"lazy\" decoding=\"async\" width=\"2560\" height=\"948\" class=\"wp-block-cover__image-background wp-image-6947\" alt=\"\" src=\"https:\/\/zahner-fahrwerk.ch\/wp-content\/uploads\/2025\/01\/PXL_20250125_140517677.MP_-scaled.jpg\" data-object-fit=\"cover\" srcset=\"https:\/\/zahner-fahrwerk.ch\/wp-content\/uploads\/2025\/01\/PXL_20250125_140517677.MP_-scaled.jpg 2560w, https:\/\/zahner-fahrwerk.ch\/wp-content\/uploads\/2025\/01\/PXL_20250125_140517677.MP_-300x111.jpg 300w, https:\/\/zahner-fahrwerk.ch\/wp-content\/uploads\/2025\/01\/PXL_20250125_140517677.MP_-1024x379.jpg 1024w, https:\/\/zahner-fahrwerk.ch\/wp-content\/uploads\/2025\/01\/PXL_20250125_140517677.MP_-2000x741.jpg 2000w\" sizes=\"auto, (max-width: 2560px) 100vw, 2560px\" \/><span aria-hidden=\"true\" class=\"wp-block-cover__background has-background-dim-0 has-background-dim\" style=\"background-color:#82715c\"><\/span><div class=\"wp-block-cover__inner-container has-global-padding is-layout-constrained wp-block-cover-is-layout-constrained\">\n<p class=\"has-text-align-center has-large-font-size\" style=\"border-radius:10px\"><\/p>\n<\/div><\/div>\n\n\n\n<div class=\"wp-block-group has-global-padding is-layout-constrained wp-container-core-group-is-layout-9fc60283 wp-block-group-is-layout-constrained\" style=\"margin-top:0;margin-bottom:0;padding-right:var(--wp--preset--spacing--x-small);padding-left:var(--wp--preset--spacing--x-small)\">\n<h2 class=\"wp-block-heading\">Tarife<\/h2>\n\n\n\n<figure class=\"wp-block-table is-style-stripes\"><table><tbody><tr><td>Arbeit pro Stunde.<\/td><td>120 Fr.<\/td><\/tr><tr><td>Bosch Diagnose\/Software-Update<\/td><td>40 Fr.<\/td><\/tr><tr><td>Bosch Akku Kapazit\u00e4tsmessung<\/td><td>40 Fr.<\/td><\/tr><tr><td>Shimano DI2\/Sram AXS Firmware-Update<\/td><td>20 Fr.<\/td><\/tr><tr><td>Miete Evoc Velokoffer(inkl. Veloreinigung, Verpacken, Dokumentation zum Aufbau vor Ort)<\/td><td>ab 200 Fr.<\/td><\/tr><tr><td>Kette wachsen(Silca Hot Melt, inkl. Reinigung)<\/td><td>50 Fr.<\/td><\/tr><\/tbody><\/table><\/figure>\n\n\n\n<div class=\"wp-block-group has-global-padding is-layout-constrained wp-block-group-is-layout-constrained\">\n<p>Ein gutes Velo ist mehr als eine Ansammlung von Komponenten, und man muss seinem Gef\u00e4hrt zu 100 Prozent vertrauen k\u00f6nnen, ob man die Alpen \u00fcberquert oder zum Bahnhof f\u00e4hrt. Deshalb ist mein oberstes Ziel, in der Werkstatt seri\u00f6se Arbeit zu garantieren. Dabei helfen mir hochwertige Spezialwerkzeuge, Weiterbildungen bei den Herstellern sowie die stete Suche nach Verbesserungen an meinen eigenen Velos.<\/p>\n\n\n\n<p>Kaum hatte ich n\u00e4mlich mein erstes Velo bekommen, mussten Schutzbleche, Gep\u00e4cktr\u00e4ger und Beleuchtung unbedingt demontiert werden. Danach habe ich mich allm\u00e4hlich an schwierigeren Aufgaben probiert, angetrieben von einer unendlichen Faszination f\u00fcr Technik, Material und dem perfekten Zusammenspiel von Mensch und Maschine. W\u00e4hrend meinem Leben im professionellen Radsport durfte ich von einigen der besten Mechaniker lernen und habe meine Velos immer selber gewartet, ohne dass sie mich an den h\u00e4rtesten Rennen je im Stich gelassen h\u00e4tten.<\/p>\n<\/div>\n<\/div>\n","protected":false},"excerpt":{"rendered":"<p>Tarife Arbeit pro Stunde. 120 Fr. Bosch Diagnose\/Software-Update 40 Fr. Bosch Akku Kapazit\u00e4tsmessung 40 Fr. Shimano DI2\/Sram AXS Firmware-Update 20 Fr. Miete Evoc Velokoffer(inkl. Veloreinigung, Verpacken, Dokumentation zum Aufbau vor Ort) ab 200 Fr. Kette wachsen(Silca Hot Melt, inkl. Reinigung) 50 Fr. Ein gutes Velo ist mehr als eine Ansammlung von Komponenten, und man muss &hellip; <\/p>\n<p class=\"link-more\"><a href=\"https:\/\/zahner-fahrwerk.ch\/en\/werkstatt\/\" class=\"more-link\">Read more<span class=\"screen-reader-text\"> &#8220;Werkstatt&#8221;<\/span><\/a><\/p>\n","protected":false},"author":1,"featured_media":0,"parent":0,"menu_order":0,"comment_status":"closed","ping_status":"closed","template":"page-templates\/full-width-no-title.php","meta":{"footnotes":""},"class_list":["post-6967","page","type-page","status-publish","hentry"],"featured_media_urls":[],"_links":{"self":[{"href":"https:\/\/zahner-fahrwerk.ch\/en\/wp-json\/wp\/v2\/pages\/6967","targetHints":{"allow":["GET"]}}],"collection":[{"href":"https:\/\/zahner-fahrwerk.ch\/en\/wp-json\/wp\/v2\/pages"}],"about":[{"href":"https:\/\/zahner-fahrwerk.ch\/en\/wp-json\/wp\/v2\/types\/page"}],"author":[{"embeddable":true,"href":"https:\/\/zahner-fahrwerk.ch\/en\/wp-json\/wp\/v2\/users\/1"}],"replies":[{"embeddable":true,"href":"https:\/\/zahner-fahrwerk.ch\/en\/wp-json\/wp\/v2\/comments?post=6967"}],"version-history":[{"count":34,"href":"https:\/\/zahner-fahrwerk.ch\/en\/wp-json\/wp\/v2\/pages\/6967\/revisions"}],"predecessor-version":[{"id":7272,"href":"https:\/\/zahner-fahrwerk.ch\/en\/wp-json\/wp\/v2\/pages\/6967\/revisions\/7272"}],"wp:attachment":[{"href":"https:\/\/zahner-fahrwerk.ch\/en\/wp-json\/wp\/v2\/media?parent=6967"}],"curies":[{"name":"wp","href":"https:\/\/api.w.org\/{rel}","templated":true}]}}