{"id":6971,"date":"2025-01-29T06:04:05","date_gmt":"2025-01-29T06:04:05","guid":{"rendered":"https:\/\/zahner-fahrwerk.ch\/?page_id=6971"},"modified":"2025-01-30T09:51:48","modified_gmt":"2025-01-30T09:51:48","slug":"marken","status":"publish","type":"page","link":"https:\/\/zahner-fahrwerk.ch\/en\/marken\/","title":{"rendered":"Marken"},"content":{"rendered":"\n<p>ORBEA<\/p>\n\n\n\n<p>Die Marke aus dem Baskenland \u00fcberrascht regelm\u00e4ssig mit neuen Zweir\u00e4dern, die von begeisterten Velofahrern entwickelt und getestet werden. Bew\u00e4hrt im Wettkampf, ohne die Bed\u00fcrfnisse der Freizeitsportler zu vergessen, Custom-Design ohne Aufpreis, ganz einfach top Bikes mit schmalen oder breiten Reifen, mit oder ohne Motor.<\/p>\n\n\n\n<p>COLNAGO<\/p>\n\n\n\n<p>Als Erg\u00e4nzung im Strassen- und Gravelbereich darf ich eine der ganz grossen Marken anbieten, die seit Jahrzehnten Innovation mit Klassik verbindet und ausgew\u00e4hlte Rahmen immer noch in Italien herstellt.<\/p>\n\n\n\n<p>PRICE<\/p>\n\n\n\n<p>Velos von schweizer Anbieter f\u00fcr den schweizer Markt! In Farbe und Ausstattung personalisierbar, in Uster montiert und meine ehrliche Empfehlung, wenn es um E-Bikes mit Bosch-Antrieb und Alu-Gravelbikes geht.<\/p>\n\n\n\n<p>BAUM<\/p>\n\n\n\n<p>Tr\u00e4ume aus Australien in Titan und Stahl mit Massgeometrie und personalisiertem Design. Ich habe mir diesem Traum zum 40. Geburtstag erf\u00fcllt und stehe mit Expertise und den n\u00f6tigen Kontakten zur Verf\u00fcgung, wenn ein individuelles \u00abForever-Bike\u00bb gew\u00fcnscht wird. Bei der Montage zusehen oder mithelfen? Alles ist m\u00f6glich!<\/p>\n\n\n\n<p>STOLL<\/p>\n\n\n\n<p>Was der ehemalige Bike-Profi Thomas Stoll mit seinem Team auf heimischen Trails entwickelt, hat Hand und Fuss. Superleichte Mountainbikes und Rennr\u00e4der im unverkennbar kantigen Design mit dem wohl sch\u00f6nsten Carbon-Look auf dem Markt. Maximale Individualit\u00e4t und kurze Lieferzeiten m\u00fcssen sich nicht ausschliessen, jedes Bike wird mit dem Kunden spezifiziert und von Profis montiert.<\/p>\n\n\n\n<div class=\"wp-block-cover\" style=\"border-radius:10px;min-height:300px;aspect-ratio:unset;\"><span aria-hidden=\"true\" class=\"wp-block-cover__background has-background-dim-10 has-background-dim\" style=\"background-color:#6c6a68\"><\/span><img loading=\"lazy\" decoding=\"async\" width=\"2560\" height=\"1440\" class=\"wp-block-cover__image-background wp-image-7150\" alt=\"\" src=\"https:\/\/zahner-fahrwerk.ch\/wp-content\/uploads\/2025\/01\/PXL_20250125_140936410.MP_-scaled.jpg\" style=\"object-position:13% 0%\" data-object-fit=\"cover\" data-object-position=\"13% 0%\" srcset=\"https:\/\/zahner-fahrwerk.ch\/wp-content\/uploads\/2025\/01\/PXL_20250125_140936410.MP_-scaled.jpg 2560w, https:\/\/zahner-fahrwerk.ch\/wp-content\/uploads\/2025\/01\/PXL_20250125_140936410.MP_-300x169.jpg 300w, https:\/\/zahner-fahrwerk.ch\/wp-content\/uploads\/2025\/01\/PXL_20250125_140936410.MP_-1024x576.jpg 1024w, https:\/\/zahner-fahrwerk.ch\/wp-content\/uploads\/2025\/01\/PXL_20250125_140936410.MP_-2000x1125.jpg 2000w\" sizes=\"auto, (max-width: 2560px) 100vw, 2560px\" \/><div class=\"wp-block-cover__inner-container has-global-padding is-layout-constrained wp-block-cover-is-layout-constrained\">\n<p class=\"has-text-align-center has-large-font-size\"><\/p>\n<\/div><\/div>\n\n\n\n<p>Ausgew\u00e4hlte Anbauteile von bekannten Herstellern wie DT Swiss, Sram, Campagnolo und Shimano;<\/p>\n\n\n\n<p>Bereifung von Vittoria, Challenge, Hutchinson und Maxxis;<\/p>\n\n\n\n<p>Der pers\u00f6nliche Touch f\u00fcr jedes Zweirad mit Bidonhaltern, Satteltaschen und Lenkerb\u00e4ndern von Silca, Arundel, Supacaz und Lizard Skins;<\/p>\n\n\n\n<p>Tuning f\u00fcr den Wettkampfeinsatz oder f\u00fcrs gute Gef\u00fchl auf der Feierabendtour mit Keramiklagern von Ceramicspeed und C-Bear und nie mehr Sitzprobleme mit dem perfekt passenden Sattel von Selle Italia.<\/p>\n\n\n\n<p>Neuentwicklungen werden auf Herz und Nieren getestet, damit ich hinter den Produkten stehen kann, die ich im Laden lagernd habe. Aus der bunten Welt des Velozubeh\u00f6rs ist mit kurzen Lieferfristen praktisch alles bestellbar.<\/p>\n","protected":false},"excerpt":{"rendered":"<p>ORBEA Die Marke aus dem Baskenland \u00fcberrascht regelm\u00e4ssig mit neuen Zweir\u00e4dern, die von begeisterten Velofahrern entwickelt und getestet werden. Bew\u00e4hrt im Wettkampf, ohne die Bed\u00fcrfnisse der Freizeitsportler zu vergessen, Custom-Design ohne Aufpreis, ganz einfach top Bikes mit schmalen oder breiten Reifen, mit oder ohne Motor. COLNAGO Als Erg\u00e4nzung im Strassen- und Gravelbereich darf ich eine &hellip; <\/p>\n<p class=\"link-more\"><a href=\"https:\/\/zahner-fahrwerk.ch\/en\/marken\/\" class=\"more-link\">Read more<span class=\"screen-reader-text\"> &#8220;Marken&#8221;<\/span><\/a><\/p>\n","protected":false},"author":1,"featured_media":0,"parent":0,"menu_order":0,"comment_status":"closed","ping_status":"closed","template":"","meta":{"footnotes":""},"class_list":["post-6971","page","type-page","status-publish","hentry"],"featured_media_urls":[],"_links":{"self":[{"href":"https:\/\/zahner-fahrwerk.ch\/en\/wp-json\/wp\/v2\/pages\/6971","targetHints":{"allow":["GET"]}}],"collection":[{"href":"https:\/\/zahner-fahrwerk.ch\/en\/wp-json\/wp\/v2\/pages"}],"about":[{"href":"https:\/\/zahner-fahrwerk.ch\/en\/wp-json\/wp\/v2\/types\/page"}],"author":[{"embeddable":true,"href":"https:\/\/zahner-fahrwerk.ch\/en\/wp-json\/wp\/v2\/users\/1"}],"replies":[{"embeddable":true,"href":"https:\/\/zahner-fahrwerk.ch\/en\/wp-json\/wp\/v2\/comments?post=6971"}],"version-history":[{"count":5,"href":"https:\/\/zahner-fahrwerk.ch\/en\/wp-json\/wp\/v2\/pages\/6971\/revisions"}],"predecessor-version":[{"id":7156,"href":"https:\/\/zahner-fahrwerk.ch\/en\/wp-json\/wp\/v2\/pages\/6971\/revisions\/7156"}],"wp:attachment":[{"href":"https:\/\/zahner-fahrwerk.ch\/en\/wp-json\/wp\/v2\/media?parent=6971"}],"curies":[{"name":"wp","href":"https:\/\/api.w.org\/{rel}","templated":true}]}}