{"id":6975,"date":"2025-01-29T06:04:05","date_gmt":"2025-01-29T06:04:05","guid":{"rendered":"https:\/\/zahner-fahrwerk.ch\/?page_id=6975"},"modified":"2025-01-30T17:09:07","modified_gmt":"2025-01-30T17:09:07","slug":"testbikes","status":"publish","type":"page","link":"https:\/\/zahner-fahrwerk.ch\/en\/testbikes\/","title":{"rendered":"Testbikes"},"content":{"rendered":"\n<div class=\"wp-block-cover alignfull wp-duotone-unset-1\"><span aria-hidden=\"true\" class=\"wp-block-cover__background has-secondary-background-color has-background-dim-10 has-background-dim\"><\/span><img loading=\"lazy\" decoding=\"async\" width=\"1024\" height=\"710\" class=\"wp-block-cover__image-background wp-image-7093\" alt=\"\" src=\"https:\/\/zahner-fahrwerk.ch\/wp-content\/uploads\/2025\/01\/Screenshot-2025-01-29-at-18.13.20-e1738248023196.png\" style=\"object-position:42% 0%\" data-object-fit=\"cover\" data-object-position=\"42% 0%\" srcset=\"https:\/\/zahner-fahrwerk.ch\/wp-content\/uploads\/2025\/01\/Screenshot-2025-01-29-at-18.13.20-e1738248023196.png 1024w, https:\/\/zahner-fahrwerk.ch\/wp-content\/uploads\/2025\/01\/Screenshot-2025-01-29-at-18.13.20-e1738248023196-300x208.png 300w, https:\/\/zahner-fahrwerk.ch\/wp-content\/uploads\/2025\/01\/Screenshot-2025-01-29-at-18.13.20-e1738248023196-768x533.png 768w, https:\/\/zahner-fahrwerk.ch\/wp-content\/uploads\/2025\/01\/Screenshot-2025-01-29-at-18.13.20-e1738248023196-600x416.png 600w\" sizes=\"auto, (max-width: 1024px) 100vw, 1024px\" \/><div class=\"wp-block-cover__inner-container is-layout-flow wp-block-cover-is-layout-flow\">\n<p class=\"has-text-align-center has-large-font-size\"><strong>PROBIEREN GEHT \u00dcBER STUDIEREN!<\/strong><\/p>\n<\/div><\/div>\n\n\n\n<p>Einmal schauen, ob diese <em>Gravelbikes<\/em>, von denen alle reden, wirklich so toll sind?<\/p>\n\n\n\n<p class=\"has-text-align-right\">Elektronische Schaltungen sind nur <em>Spielerei<\/em>\u2026oder doch nicht?<\/p>\n\n\n\n<p>K\u00f6nnte sich ein<em> S-Pedelec<\/em> f\u00fcr meinen <em>Arbeitsweg<\/em> eignen und reicht der Akku f\u00fcr Hin- und R\u00fcckweg?<\/p>\n\n\n\n<p class=\"has-text-align-right\">Welche Unterschiede sp\u00fcre ich zwischen einem E-MTB(Grosser Akku, starker Motor, \u00fcber 25 kg Gewicht) und einem Light-E-MTB(kleinerer Akku, gedrosselter Motor, unter 20 kg Gewicht)?<\/p>\n\n\n\n<p>Die Fragen sind nahezu endlos und man beantwortet sie am besten mit einer Testfahrt. S\u00e4mtliche Bikes, die ich empfehle, k\u00f6nnen in einer \u00e4hnlichen Version ausgiebig getestet werden, nach Absprache und einer Entsch\u00e4digung f\u00fcr Reinigung und Verschleiss auch mehrt\u00e4gig. Eine kurze Testfahrt bei trockenen Strassen ist auch mit jedem ausgestellten Neuvelo m\u00f6glich.<\/p>\n\n\n\n<div class=\"wp-block-columns is-layout-flex wp-container-core-columns-is-layout-dba78200 wp-block-columns-is-layout-flex\" style=\"padding-top:var(--wp--preset--spacing--small);padding-right:var(--wp--preset--spacing--small);padding-bottom:var(--wp--preset--spacing--small);padding-left:var(--wp--preset--spacing--small)\">\n<div class=\"wp-block-column is-layout-flow wp-block-column-is-layout-flow\">\n<figure class=\"wp-block-image size-large has-custom-border is-style-rounded\"><img loading=\"lazy\" decoding=\"async\" width=\"1024\" height=\"768\" src=\"https:\/\/zahner-fahrwerk.ch\/wp-content\/uploads\/2025\/01\/orbae_roadie_2-1024x768.jpeg\" alt=\"Orbea CX\" class=\"wp-image-7177\" style=\"border-radius:10px;box-shadow:var(--wp--preset--shadow--deep);aspect-ratio:3\/2;object-fit:cover\" srcset=\"https:\/\/zahner-fahrwerk.ch\/wp-content\/uploads\/2025\/01\/orbae_roadie_2-1024x768.jpeg 1024w, https:\/\/zahner-fahrwerk.ch\/wp-content\/uploads\/2025\/01\/orbae_roadie_2-300x225.jpeg 300w, https:\/\/zahner-fahrwerk.ch\/wp-content\/uploads\/2025\/01\/orbae_roadie_2-2000x1500.jpeg 2000w\" sizes=\"auto, (max-width: 1024px) 100vw, 1024px\" \/><\/figure>\n<\/div>\n\n\n\n<div class=\"wp-block-column is-layout-flow wp-block-column-is-layout-flow\">\n<p>Orbea Terra: Carbonrahmen (Gr\u00f6sse M), Sram Rival AXS XPLR Schaltung, DT Laufradsatz, Gewicht ca. 9 kg<\/p>\n<\/div>\n<\/div>\n\n\n\n<div class=\"wp-block-columns is-layout-flex wp-container-core-columns-is-layout-dba78200 wp-block-columns-is-layout-flex\" style=\"padding-top:var(--wp--preset--spacing--small);padding-right:var(--wp--preset--spacing--small);padding-bottom:var(--wp--preset--spacing--small);padding-left:var(--wp--preset--spacing--small)\">\n<div class=\"wp-block-column is-layout-flow wp-block-column-is-layout-flow\">\n<figure class=\"wp-block-image size-large has-custom-border is-style-rounded\"><img loading=\"lazy\" decoding=\"async\" width=\"1024\" height=\"768\" src=\"https:\/\/zahner-fahrwerk.ch\/wp-content\/uploads\/2025\/01\/orbea_funky-1024x768.jpeg\" alt=\"\" class=\"wp-image-7195\" style=\"border-radius:10px;box-shadow:var(--wp--preset--shadow--deep);aspect-ratio:3\/2;object-fit:cover\" srcset=\"https:\/\/zahner-fahrwerk.ch\/wp-content\/uploads\/2025\/01\/orbea_funky-1024x768.jpeg 1024w, https:\/\/zahner-fahrwerk.ch\/wp-content\/uploads\/2025\/01\/orbea_funky-300x225.jpeg 300w, https:\/\/zahner-fahrwerk.ch\/wp-content\/uploads\/2025\/01\/orbea_funky-2000x1500.jpeg 2000w\" sizes=\"auto, (max-width: 1024px) 100vw, 1024px\" \/><\/figure>\n<\/div>\n\n\n\n<div class=\"wp-block-column is-layout-flow wp-block-column-is-layout-flow\">\n<p>Orbea Orca: Carbonrahmen (Gr\u00f6sse 53), Sram Rival AXS Schaltung, Fulcrum Laufradsatz, Gewicht 8,5 kg<\/p>\n<\/div>\n<\/div>\n\n\n\n<div class=\"wp-block-columns is-layout-flex wp-container-core-columns-is-layout-dba78200 wp-block-columns-is-layout-flex\" style=\"padding-top:var(--wp--preset--spacing--small);padding-right:var(--wp--preset--spacing--small);padding-bottom:var(--wp--preset--spacing--small);padding-left:var(--wp--preset--spacing--small)\">\n<div class=\"wp-block-column is-layout-flow wp-block-column-is-layout-flow\">\n<figure class=\"wp-block-image size-large has-custom-border is-style-rounded\"><img loading=\"lazy\" decoding=\"async\" width=\"1024\" height=\"768\" src=\"https:\/\/zahner-fahrwerk.ch\/wp-content\/uploads\/2025\/01\/price-1024x768.jpeg\" alt=\"\" class=\"wp-image-7182\" style=\"border-radius:10px;box-shadow:var(--wp--preset--shadow--deep);aspect-ratio:3\/2;object-fit:cover\" srcset=\"https:\/\/zahner-fahrwerk.ch\/wp-content\/uploads\/2025\/01\/price-1024x768.jpeg 1024w, https:\/\/zahner-fahrwerk.ch\/wp-content\/uploads\/2025\/01\/price-300x225.jpeg 300w, https:\/\/zahner-fahrwerk.ch\/wp-content\/uploads\/2025\/01\/price-2000x1500.jpeg 2000w\" sizes=\"auto, (max-width: 1024px) 100vw, 1024px\" \/><\/figure>\n<\/div>\n\n\n\n<div class=\"wp-block-column is-layout-flow wp-block-column-is-layout-flow\">\n<p>Price e-Marathon: Alurahmen (Gr\u00f6sse M), Bosch Smart System Antriebssystem, 750 Wh Akku, Shimano XT Linkglide Schaltung, DT Swiss Federelemente und Laufradsatz, Gewicht ca. 27 kg<\/p>\n<\/div>\n<\/div>\n\n\n\n<div class=\"wp-block-columns is-layout-flex wp-container-core-columns-is-layout-dba78200 wp-block-columns-is-layout-flex\" style=\"padding-top:var(--wp--preset--spacing--small);padding-right:var(--wp--preset--spacing--small);padding-bottom:var(--wp--preset--spacing--small);padding-left:var(--wp--preset--spacing--small)\">\n<div class=\"wp-block-column is-layout-flow wp-block-column-is-layout-flow\">\n<figure class=\"wp-block-image size-large has-custom-border is-style-rounded\"><img loading=\"lazy\" decoding=\"async\" width=\"1024\" height=\"768\" src=\"https:\/\/zahner-fahrwerk.ch\/wp-content\/uploads\/2025\/01\/orbea_mtb-1024x768.jpeg\" alt=\"\" class=\"wp-image-7181\" style=\"border-radius:10px;box-shadow:var(--wp--preset--shadow--deep);aspect-ratio:3\/2;object-fit:cover\" srcset=\"https:\/\/zahner-fahrwerk.ch\/wp-content\/uploads\/2025\/01\/orbea_mtb-1024x768.jpeg 1024w, https:\/\/zahner-fahrwerk.ch\/wp-content\/uploads\/2025\/01\/orbea_mtb-300x225.jpeg 300w, https:\/\/zahner-fahrwerk.ch\/wp-content\/uploads\/2025\/01\/orbea_mtb-2000x1500.jpeg 2000w\" sizes=\"auto, (max-width: 1024px) 100vw, 1024px\" \/><\/figure>\n<\/div>\n\n\n\n<div class=\"wp-block-column is-layout-flow wp-block-column-is-layout-flow\">\n<p>Orbea Rise SL: Carbonrahmen (Gr\u00f6sse L), Shimano EP801 Antriebssystem, 420 Wh Akku, Shimano XT Schaltung, Fox Factory Federelemente, DT Swiss Carbon-Laufradsatz, Gewicht ca. 20 kg<\/p>\n<\/div>\n<\/div>\n\n\n\n<div class=\"wp-block-columns is-layout-flex wp-container-core-columns-is-layout-dba78200 wp-block-columns-is-layout-flex\" style=\"padding-top:var(--wp--preset--spacing--small);padding-right:var(--wp--preset--spacing--small);padding-bottom:var(--wp--preset--spacing--small);padding-left:var(--wp--preset--spacing--small)\">\n<div class=\"wp-block-column is-layout-flow wp-block-column-is-layout-flow\">\n<figure class=\"wp-block-image size-large has-custom-border is-style-rounded\"><img loading=\"lazy\" decoding=\"async\" width=\"1024\" height=\"768\" src=\"https:\/\/zahner-fahrwerk.ch\/wp-content\/uploads\/2025\/01\/price_pedeleco-1024x768.jpeg\" alt=\"\" class=\"wp-image-7200\" style=\"border-radius:10px;box-shadow:var(--wp--preset--shadow--deep)\" srcset=\"https:\/\/zahner-fahrwerk.ch\/wp-content\/uploads\/2025\/01\/price_pedeleco-1024x768.jpeg 1024w, https:\/\/zahner-fahrwerk.ch\/wp-content\/uploads\/2025\/01\/price_pedeleco-300x225.jpeg 300w, https:\/\/zahner-fahrwerk.ch\/wp-content\/uploads\/2025\/01\/price_pedeleco-2000x1500.jpeg 2000w\" sizes=\"auto, (max-width: 1024px) 100vw, 1024px\" \/><\/figure>\n<\/div>\n\n\n\n<div class=\"wp-block-column is-layout-flow wp-block-column-is-layout-flow\">\n<p>Price e-Speed Diamant (45 km\/h): Alurahmen (Gr\u00f6sse M), Bosch Smart System Antriebssystem, 750 Wh Akku, Shimano XT Linkglide Schaltung, DT Swiss Laufradsatz, Gewicht ca. 27 kg<\/p>\n<\/div>\n<\/div>\n\n\n\n<div class=\"wp-block-columns is-layout-flex wp-container-core-columns-is-layout-dba78200 wp-block-columns-is-layout-flex\" style=\"padding-top:var(--wp--preset--spacing--small);padding-right:var(--wp--preset--spacing--small);padding-bottom:var(--wp--preset--spacing--small);padding-left:var(--wp--preset--spacing--small)\">\n<div class=\"wp-block-column is-layout-flow wp-block-column-is-layout-flow\"><\/div>\n\n\n\n<div class=\"wp-block-column is-layout-flow wp-block-column-is-layout-flow\" style=\"box-shadow:none\"><\/div>\n<\/div>\n\n\n\n<p><\/p>\n","protected":false},"excerpt":{"rendered":"<p>Einmal schauen, ob diese Gravelbikes, von denen alle reden, wirklich so toll sind? Elektronische Schaltungen sind nur Spielerei\u2026oder doch nicht? K\u00f6nnte sich ein S-Pedelec f\u00fcr meinen Arbeitsweg eignen und reicht der Akku f\u00fcr Hin- und R\u00fcckweg? Welche Unterschiede sp\u00fcre ich zwischen einem E-MTB(Grosser Akku, starker Motor, \u00fcber 25 kg Gewicht) und einem Light-E-MTB(kleinerer Akku, gedrosselter &hellip; <\/p>\n<p class=\"link-more\"><a href=\"https:\/\/zahner-fahrwerk.ch\/en\/testbikes\/\" class=\"more-link\">Read more<span class=\"screen-reader-text\"> &#8220;Testbikes&#8221;<\/span><\/a><\/p>\n","protected":false},"author":1,"featured_media":0,"parent":0,"menu_order":0,"comment_status":"closed","ping_status":"closed","template":"page-templates\/homepage-builder-bb.php","meta":{"footnotes":""},"class_list":["post-6975","page","type-page","status-publish","hentry"],"featured_media_urls":[],"_links":{"self":[{"href":"https:\/\/zahner-fahrwerk.ch\/en\/wp-json\/wp\/v2\/pages\/6975","targetHints":{"allow":["GET"]}}],"collection":[{"href":"https:\/\/zahner-fahrwerk.ch\/en\/wp-json\/wp\/v2\/pages"}],"about":[{"href":"https:\/\/zahner-fahrwerk.ch\/en\/wp-json\/wp\/v2\/types\/page"}],"author":[{"embeddable":true,"href":"https:\/\/zahner-fahrwerk.ch\/en\/wp-json\/wp\/v2\/users\/1"}],"replies":[{"embeddable":true,"href":"https:\/\/zahner-fahrwerk.ch\/en\/wp-json\/wp\/v2\/comments?post=6975"}],"version-history":[{"count":28,"href":"https:\/\/zahner-fahrwerk.ch\/en\/wp-json\/wp\/v2\/pages\/6975\/revisions"}],"predecessor-version":[{"id":7210,"href":"https:\/\/zahner-fahrwerk.ch\/en\/wp-json\/wp\/v2\/pages\/6975\/revisions\/7210"}],"wp:attachment":[{"href":"https:\/\/zahner-fahrwerk.ch\/en\/wp-json\/wp\/v2\/media?parent=6975"}],"curies":[{"name":"wp","href":"https:\/\/api.w.org\/{rel}","templated":true}]}}