{"id":7161,"date":"2025-01-30T11:40:09","date_gmt":"2025-01-30T11:40:09","guid":{"rendered":"https:\/\/zahner-fahrwerk.ch\/?page_id=7161"},"modified":"2025-01-30T11:40:09","modified_gmt":"2025-01-30T11:40:09","slug":"datenschutz","status":"publish","type":"page","link":"https:\/\/zahner-fahrwerk.ch\/en\/datenschutz\/","title":{"rendered":"Datenschutz"},"content":{"rendered":"\n<p><\/p>\n\n\n\n<p>Der Schutz personenbezogener Daten ist EigenLab feat. Lara M\u00fcller und der Zahner Fahrwerk GmbH ein wichtiges Anliegen.<\/p>\n\n\n\n<p><strong>Zweckgebundene Verwendung von Daten<\/strong><\/p>\n\n\n\n<p>Gibt es hier nicht. Es gibt die Konzentration aufs wesentliche.<\/p>\n\n\n\n<p><strong>Cookies<\/strong> <strong>&#038; Analytics<\/strong><\/p>\n\n\n\n<p>Aus Respekt vor der Privatsph\u00e4re welche EigenLab feat. Lara M\u00fcller und die Zahner Fahrwerk GmbH vertreten gibt es hier keine Cookies und keine Analytics.<\/p>\n\n\n\n<p><strong>Personenbezogene Daten<\/strong><\/p>\n\n\n\n<p>\u00dcber unsere Webseiten <strong>erfassen wir keine personenbezogenen Daten<\/strong> (z. B. Namen, Anschriften, Telefonnummern oder E-Mail-Adressen), ausser wenn Sie uns solche Daten freiwillig zur Verf\u00fcgung stellen (z. B. durch Registrierung, Umfrage, Nutzung von Diensten, Ausf\u00fcllen von Formularen, Bestellen von Newsletter) bzw. eingewilligt haben oder die entsprechenden Rechtsvorschriften \u00fcber den Schutz Ihrer Daten dies erlauben.<\/p>\n\n\n\n<p><strong>Google Maps<\/strong><\/p>\n\n\n\n<p>Diese Seite nutzt \u00fcber eine API den Kartendienst Google Maps. Anbieter ist die Google Inc., 1600 Amphitheatre Parkway, Mountain View, CA 94043, USA. Zur Nutzung der Funktionen von Google Maps ist es notwendig, Ihre IP Adresse zu speichern. Diese Informationen werden in der Regel an einen Server von Google in den USA \u00fcbertragen und dort gespeichert. Die Zahner Fahrwerk GmbH hat keinen Einfluss auf diese Daten\u00fcbertragung. Die Nutzung von Google Maps erfolgt im Interesse einer ansprechenden Darstellung unserer Angebote und an einer leichten Auffindbarkeit der von uns auf der Website angegebenen Orte. Dies stellt ein berechtigtes Interesse im Sinne von Art. 6 Abs. 1 lit. f DSGVO dar. Mehr Informationen zum Umgang mit Nutzerdaten finden Sie in der Datenschutzerkl\u00e4rung von Google: https:\/\/www.google.de\/intl\/de\/policies\/privacy\/.<\/p>\n\n\n\n<p><strong>Datensicherheit &#8211; SSL- resp. TLS-Verschl\u00fcsselung<\/strong><\/p>\n\n\n\n<p>Diese Seite nutzt aus Sicherheitsgr\u00fcnden und zum Schutz der \u00dcbertragung vertraulicher Inhalte, wie zum Beispiel Anfragen, die Sie an die Zahner Fahrwerk GmbH senden, eine SSL-bzw. TLS-Verschl\u00fcsselung. Eine verschl\u00fcsselte Verbindung erkennen Sie daran, dass die Adresszeile des Browsers von \u201chttp:\/\/\u201d auf \u201chttps:\/\/\u201d wechselt und an dem Schloss-Symbol in Ihrer Browserzeile. Wenn die SSL- bzw. TLS-Verschl\u00fcsselung aktiviert ist, k\u00f6nnen die Daten, die Sie an uns \u00fcbermitteln, nicht von Dritten mitgelesen werden.<\/p>\n\n\n\n<p><strong>Einverst\u00e4ndnis<\/strong><\/p>\n\n\n\n<p>Durch die Nutzung dieser Website erkl\u00e4ren Sie sich mit der Bearbeitung der \u00fcber Sie erhobenen Daten in der zuvor beschriebenen Art und Weise und zu dem zuvor benannten Zweck einverstanden. Im Zuge der Weiterentwicklung des Internets und der rechtlichen Rahmenbedingungen wird auch die Zahner FAhrwerk GmbH ihre Datenschutzrichtlinien entsprechend anpassen m\u00fcssen. \u00c4nderungen werden wir auf dieser Seite rechtzeitig bekannt geben. Besuchen Sie daher diese Seite regelm\u00e4ssig und informieren Sie sich \u00fcber den aktuellen Stand.<\/p>\n","protected":false},"excerpt":{"rendered":"<p>Der Schutz personenbezogener Daten ist EigenLab feat. Lara M\u00fcller und der Zahner Fahrwerk GmbH ein wichtiges Anliegen. Zweckgebundene Verwendung von Daten Gibt es hier nicht. Es gibt die Konzentration aufs wesentliche. Cookies &#038; Analytics Aus Respekt vor der Privatsph\u00e4re welche EigenLab feat. Lara M\u00fcller und die Zahner Fahrwerk GmbH vertreten gibt es hier keine Cookies &hellip; <\/p>\n<p class=\"link-more\"><a href=\"https:\/\/zahner-fahrwerk.ch\/en\/datenschutz\/\" class=\"more-link\">Read more<span class=\"screen-reader-text\"> &#8220;Datenschutz&#8221;<\/span><\/a><\/p>\n","protected":false},"author":1,"featured_media":0,"parent":0,"menu_order":0,"comment_status":"closed","ping_status":"closed","template":"","meta":{"footnotes":""},"class_list":["post-7161","page","type-page","status-publish","hentry"],"featured_media_urls":[],"_links":{"self":[{"href":"https:\/\/zahner-fahrwerk.ch\/en\/wp-json\/wp\/v2\/pages\/7161","targetHints":{"allow":["GET"]}}],"collection":[{"href":"https:\/\/zahner-fahrwerk.ch\/en\/wp-json\/wp\/v2\/pages"}],"about":[{"href":"https:\/\/zahner-fahrwerk.ch\/en\/wp-json\/wp\/v2\/types\/page"}],"author":[{"embeddable":true,"href":"https:\/\/zahner-fahrwerk.ch\/en\/wp-json\/wp\/v2\/users\/1"}],"replies":[{"embeddable":true,"href":"https:\/\/zahner-fahrwerk.ch\/en\/wp-json\/wp\/v2\/comments?post=7161"}],"version-history":[{"count":3,"href":"https:\/\/zahner-fahrwerk.ch\/en\/wp-json\/wp\/v2\/pages\/7161\/revisions"}],"predecessor-version":[{"id":7166,"href":"https:\/\/zahner-fahrwerk.ch\/en\/wp-json\/wp\/v2\/pages\/7161\/revisions\/7166"}],"wp:attachment":[{"href":"https:\/\/zahner-fahrwerk.ch\/en\/wp-json\/wp\/v2\/media?parent=7161"}],"curies":[{"name":"wp","href":"https:\/\/api.w.org\/{rel}","templated":true}]}}