{"id":7163,"date":"2025-01-30T11:35:50","date_gmt":"2025-01-30T11:35:50","guid":{"rendered":"https:\/\/zahner-fahrwerk.ch\/?page_id=7163"},"modified":"2025-01-30T11:35:50","modified_gmt":"2025-01-30T11:35:50","slug":"impressum","status":"publish","type":"page","link":"https:\/\/zahner-fahrwerk.ch\/en\/impressum\/","title":{"rendered":"Impressum"},"content":{"rendered":"\n<p><strong>Zahner Fahrwerk GmbH<\/strong><br>Bahnhofstr. 6<br>CH-8712 St\u00e4fa<\/p>\n\n\n\n<p>Tel. +41 79 696 56 46<br><a href=\"mailto:simon@zahner-fahrwerk.ch\">simon@zahner-fahrwerk.ch<\/a><\/p>\n\n\n\n<p>Unternehmensidentifikationsnummer:<br>CHE-209.650.518<\/p>\n\n\n\n<p>Handelsregisternummer (ZH):<br>CH-020-4061568-8<\/p>\n\n\n\n<p>Sitz: St\u00e4fa<\/p>\n\n\n\n<p>Gesch\u00e4ftsf\u00fchrer: Simon Zahner<\/p>\n\n\n\n<hr class=\"wp-block-separator has-alpha-channel-opacity\"\/>\n\n\n\n<h2 class=\"wp-block-heading\">HaftungsHinweis<\/h2>\n\n\n\n<p>Trotz sorgf\u00e4ltiger inhaltlicher Kontrolle \u00fcbernehmen wir keine Haftung f\u00fcr die Inhalte externer Links. F\u00fcr den Inhalt der verlinkten Seiten sind ausschliesslich deren Betreiber verantwortlich.<br><br>Gleichwohl die Informationen auf diesen Webseiten st\u00e4ndig von Zahner Fahrwerk GmbH sorgf\u00e4ltig gepr\u00fcft und aktualisiert werden, k\u00f6nnen sich dennoch Angaben zwischenzeitlich ge\u00e4ndert haben. Aus diesem Grund kann f\u00fcr die Richtigkeit, Aktualit\u00e4t und Vollst\u00e4ndigkeit der zur Verf\u00fcgung gestellten Informationen keine Haftung bzw. Garantie \u00fcbernommen werden.<\/p>\n","protected":false},"excerpt":{"rendered":"<p>Zahner Fahrwerk GmbHBahnhofstr. 6CH-8712 St\u00e4fa Tel. +41 79 696 56 46simon@zahner-fahrwerk.ch Unternehmensidentifikationsnummer:CHE-209.650.518 Handelsregisternummer (ZH):CH-020-4061568-8 Sitz: St\u00e4fa Gesch\u00e4ftsf\u00fchrer: Simon Zahner HaftungsHinweis Trotz sorgf\u00e4ltiger inhaltlicher Kontrolle \u00fcbernehmen wir keine Haftung f\u00fcr die Inhalte externer Links. F\u00fcr den Inhalt der verlinkten Seiten sind ausschliesslich deren Betreiber verantwortlich. Gleichwohl die Informationen auf diesen Webseiten st\u00e4ndig von Zahner Fahrwerk GmbH &hellip; <\/p>\n<p class=\"link-more\"><a href=\"https:\/\/zahner-fahrwerk.ch\/en\/impressum\/\" class=\"more-link\">Read more<span class=\"screen-reader-text\"> &#8220;Impressum&#8221;<\/span><\/a><\/p>\n","protected":false},"author":1,"featured_media":0,"parent":0,"menu_order":0,"comment_status":"closed","ping_status":"closed","template":"","meta":{"footnotes":""},"class_list":["post-7163","page","type-page","status-publish","hentry"],"featured_media_urls":[],"_links":{"self":[{"href":"https:\/\/zahner-fahrwerk.ch\/en\/wp-json\/wp\/v2\/pages\/7163","targetHints":{"allow":["GET"]}}],"collection":[{"href":"https:\/\/zahner-fahrwerk.ch\/en\/wp-json\/wp\/v2\/pages"}],"about":[{"href":"https:\/\/zahner-fahrwerk.ch\/en\/wp-json\/wp\/v2\/types\/page"}],"author":[{"embeddable":true,"href":"https:\/\/zahner-fahrwerk.ch\/en\/wp-json\/wp\/v2\/users\/1"}],"replies":[{"embeddable":true,"href":"https:\/\/zahner-fahrwerk.ch\/en\/wp-json\/wp\/v2\/comments?post=7163"}],"version-history":[{"count":1,"href":"https:\/\/zahner-fahrwerk.ch\/en\/wp-json\/wp\/v2\/pages\/7163\/revisions"}],"predecessor-version":[{"id":7164,"href":"https:\/\/zahner-fahrwerk.ch\/en\/wp-json\/wp\/v2\/pages\/7163\/revisions\/7164"}],"wp:attachment":[{"href":"https:\/\/zahner-fahrwerk.ch\/en\/wp-json\/wp\/v2\/media?parent=7163"}],"curies":[{"name":"wp","href":"https:\/\/api.w.org\/{rel}","templated":true}]}}